{"id":2020,"date":"2023-07-30T19:51:57","date_gmt":"2023-07-30T19:51:57","guid":{"rendered":"https:\/\/piotrswitalski.com\/?page_id=2020"},"modified":"2026-01-04T04:54:57","modified_gmt":"2026-01-04T04:54:57","slug":"selected-videos","status":"publish","type":"page","link":"https:\/\/piotrswitalski.com\/?page_id=2020&lang=en","title":{"rendered":"Selected videos"},"content":{"rendered":"\n<figure class=\"wp-block-embed is-type-video is-provider-youtube wp-block-embed-youtube wp-embed-aspect-16-9 wp-has-aspect-ratio\"><div class=\"wp-block-embed__wrapper\">\n<div class=\"jetpack-video-wrapper\"><iframe loading=\"lazy\" title=\"Poland&#039;s Ambassador Reveals the Secrets of Diplomatic Life in India\" width=\"1150\" height=\"647\" src=\"https:\/\/www.youtube.com\/embed\/id26muUXEv4?feature=oembed\" frameborder=\"0\" allow=\"accelerometer; autoplay; clipboard-write; encrypted-media; gyroscope; picture-in-picture; web-share\" referrerpolicy=\"strict-origin-when-cross-origin\" allowfullscreen><\/iframe><\/div>\n<\/div><\/figure>\n\n\n\n<p><br><br>Kaunas 2022 (in English)<\/p>\n\n\n\n<figure class=\"wp-block-embed is-type-video is-provider-youtube wp-block-embed-youtube wp-embed-aspect-16-9 wp-has-aspect-ratio\"><div class=\"wp-block-embed__wrapper\">\n<div class=\"jetpack-video-wrapper\"><iframe loading=\"lazy\" title=\"THE IDEA OF EUROPE. International Symposium\" width=\"1150\" height=\"647\" src=\"https:\/\/www.youtube.com\/embed\/6BR-xk-PAfM?start=22538&#038;feature=oembed\" frameborder=\"0\" allow=\"accelerometer; autoplay; clipboard-write; encrypted-media; gyroscope; picture-in-picture; web-share\" allowfullscreen><\/iframe><\/div>\n<\/div><\/figure>\n\n\n\n<p><br>Pozna\u0144 2022 (in Polish)<\/p>\n\n\n\n<figure class=\"wp-block-embed is-type-video is-provider-youtube wp-block-embed-youtube wp-embed-aspect-16-9 wp-has-aspect-ratio\"><div class=\"wp-block-embed__wrapper\">\n<div class=\"jetpack-video-wrapper\"><iframe loading=\"lazy\" title=\"Konsekwencje wojny w G\u00f3rskim Karabachu. Ludno\u015b\u0107 cywilna w konfliktach zbrojnych\" width=\"1150\" height=\"647\" src=\"https:\/\/www.youtube.com\/embed\/ML8oIFGY6Sk?start=2182&#038;feature=oembed\" frameborder=\"0\" allow=\"accelerometer; autoplay; clipboard-write; encrypted-media; gyroscope; picture-in-picture; web-share\" allowfullscreen><\/iframe><\/div>\n<\/div><\/figure>\n\n\n\n<p><br>LibertyTV interview 2019 (in English)<\/p>\n\n\n\n<figure class=\"wp-block-embed is-type-video is-provider-youtube wp-block-embed-youtube wp-embed-aspect-16-9 wp-has-aspect-ratio\"><div class=\"wp-block-embed__wrapper\">\n<div class=\"jetpack-video-wrapper\"><iframe loading=\"lazy\" title=\"The Outgoing Head of EU Delegation Praises Armenia\u2019s Fight against Corruption\" width=\"1150\" height=\"647\" src=\"https:\/\/www.youtube.com\/embed\/0508WoBMmSY?feature=oembed\" frameborder=\"0\" allow=\"accelerometer; autoplay; clipboard-write; encrypted-media; gyroscope; picture-in-picture; web-share\" allowfullscreen><\/iframe><\/div>\n<\/div><\/figure>\n\n\n\n<p><br>Warszawa 2019 (in English)<\/p>\n\n\n\n<figure class=\"wp-block-embed is-type-video is-provider-youtube wp-block-embed-youtube wp-embed-aspect-16-9 wp-has-aspect-ratio\"><div class=\"wp-block-embed__wrapper\">\n<div class=\"jetpack-video-wrapper\"><iframe loading=\"lazy\" title=\"Whither Partnership? The Future of EU-Eastern Neighbourhood Relations\" width=\"1150\" height=\"647\" src=\"https:\/\/www.youtube.com\/embed\/i6-hddjo8rg?start=1696&#038;feature=oembed\" frameborder=\"0\" allow=\"accelerometer; autoplay; clipboard-write; encrypted-media; gyroscope; picture-in-picture; web-share\" allowfullscreen><\/iframe><\/div>\n<\/div><\/figure>\n\n\n\n<p><br>Civilnet interview 2018 (in English)<\/p>\n\n\n\n<figure class=\"wp-block-embed is-type-video is-provider-youtube wp-block-embed-youtube wp-embed-aspect-16-9 wp-has-aspect-ratio\"><div class=\"wp-block-embed__wrapper\">\n<div class=\"jetpack-video-wrapper\"><iframe loading=\"lazy\" title=\"Ambassador Piotr \u015awitalski on the Velvet Revolution &amp; What Comes Next\" width=\"1150\" height=\"647\" src=\"https:\/\/www.youtube.com\/embed\/qUur2iiYIBQ?feature=oembed\" frameborder=\"0\" allow=\"accelerometer; autoplay; clipboard-write; encrypted-media; gyroscope; picture-in-picture; web-share\" allowfullscreen><\/iframe><\/div>\n<\/div><\/figure>\n\n\n\n<p><br>Thessaloniki 2018 (in English)<\/p>\n\n\n\n<figure class=\"wp-block-embed is-type-video is-provider-youtube wp-block-embed-youtube wp-embed-aspect-16-9 wp-has-aspect-ratio\"><div class=\"wp-block-embed__wrapper\">\n<div class=\"jetpack-video-wrapper\"><iframe loading=\"lazy\" title=\"Piotr Switalski. Democracy in Europe: New Hopes and New Disappointments\" width=\"1150\" height=\"647\" src=\"https:\/\/www.youtube.com\/embed\/ZbUVmj_dXGE?feature=oembed\" frameborder=\"0\" allow=\"accelerometer; autoplay; clipboard-write; encrypted-media; gyroscope; picture-in-picture; web-share\" allowfullscreen><\/iframe><\/div>\n<\/div><\/figure>\n\n\n\n<p><br>Prisztina 2015 (in English)<\/p>\n\n\n\n<figure class=\"wp-block-embed is-type-video is-provider-youtube wp-block-embed-youtube wp-embed-aspect-16-9 wp-has-aspect-ratio\"><div class=\"wp-block-embed__wrapper\">\n<div class=\"jetpack-video-wrapper\"><iframe loading=\"lazy\" title=\"Piotr Switalski- Crisis of European Identity [07.03.2015]\" width=\"1150\" height=\"647\" src=\"https:\/\/www.youtube.com\/embed\/UMdPm8QbtXA?feature=oembed\" frameborder=\"0\" allow=\"accelerometer; autoplay; clipboard-write; encrypted-media; gyroscope; picture-in-picture; web-share\" allowfullscreen><\/iframe><\/div>\n<\/div><\/figure>\n\n\n\n\n\n\n\n<p><br>Golitsino 2012 (in Russian)<\/p>\n\n\n\n<figure class=\"wp-block-embed is-type-video is-provider-youtube wp-block-embed-youtube wp-embed-aspect-16-9 wp-has-aspect-ratio\"><div class=\"wp-block-embed__wrapper\">\n<div class=\"jetpack-video-wrapper\"><iframe loading=\"lazy\" title=\"\u041f\u0435\u0442\u0440 \u0421\u0432\u0438\u0442\u0430\u043b\u044c\u0441\u043a\u0438\u0439. \u0415\u0432\u0440\u043e\u043f\u0435\u0439\u0441\u043a\u0430\u044f \u0438\u0434\u0435\u043d\u0442\u0438\u0447\u043d\u043e\u0441\u0442\u044c, \u0432\u0435\u0440\u0445\u043e\u0432\u0435\u043d\u0441\u0442\u0432\u043e \u0437\u0430\u043a\u043e\u043d\u0430 \u0438 \u0446\u0435\u043d\u043d\u043e\u0441\u0442\u0438 \u0432 21 \u0432\u0435\u043a\u0435\" width=\"1150\" height=\"647\" src=\"https:\/\/www.youtube.com\/embed\/1161fXndG74?feature=oembed\" frameborder=\"0\" allow=\"accelerometer; autoplay; clipboard-write; encrypted-media; gyroscope; picture-in-picture; web-share\" allowfullscreen><\/iframe><\/div>\n<\/div><\/figure>\n\n\n\n<p><br>Private<\/p>\n\n\n\n<figure class=\"wp-block-embed is-type-video is-provider-youtube wp-block-embed-youtube wp-embed-aspect-16-9 wp-has-aspect-ratio\"><div class=\"wp-block-embed__wrapper\">\n<div class=\"jetpack-video-wrapper\"><iframe loading=\"lazy\" title=\"13 listopada 2022\" width=\"1150\" height=\"647\" src=\"https:\/\/www.youtube.com\/embed\/i_DpL0KGqkk?feature=oembed\" frameborder=\"0\" allow=\"accelerometer; autoplay; clipboard-write; encrypted-media; gyroscope; picture-in-picture; web-share\" allowfullscreen><\/iframe><\/div>\n<\/div><\/figure>\n\n\n\n<figure class=\"wp-block-embed is-type-video is-provider-youtube wp-block-embed-youtube wp-embed-aspect-16-9 wp-has-aspect-ratio\"><div class=\"wp-block-embed__wrapper\">\n<div class=\"jetpack-video-wrapper\"><iframe loading=\"lazy\" title=\"EU Ambassador Switalski  in the &quot;The Comedy of Pyramus &amp; Thisbe&quot;\" width=\"1150\" height=\"647\" src=\"https:\/\/www.youtube.com\/embed\/u6v3BqAetmg?feature=oembed\" frameborder=\"0\" allow=\"accelerometer; autoplay; clipboard-write; encrypted-media; gyroscope; picture-in-picture; web-share\" referrerpolicy=\"strict-origin-when-cross-origin\" allowfullscreen><\/iframe><\/div>\n<\/div><\/figure>\n\n\n\n<figure class=\"wp-block-embed is-type-video is-provider-youtube wp-block-embed-youtube wp-embed-aspect-16-9 wp-has-aspect-ratio\"><div class=\"wp-block-embed__wrapper\">\n<div class=\"jetpack-video-wrapper\"><iframe loading=\"lazy\" title=\"Merry Christmas and Happy 2019!\" width=\"1150\" height=\"647\" src=\"https:\/\/www.youtube.com\/embed\/dzsNeXlNv3k?feature=oembed\" frameborder=\"0\" allow=\"accelerometer; autoplay; clipboard-write; encrypted-media; gyroscope; picture-in-picture; web-share\" referrerpolicy=\"strict-origin-when-cross-origin\" allowfullscreen><\/iframe><\/div>\n<\/div><\/figure>\n\n\n\n<figure class=\"wp-block-embed is-type-video is-provider-youtube wp-block-embed-youtube wp-embed-aspect-16-9 wp-has-aspect-ratio\"><div class=\"wp-block-embed__wrapper\">\n<div class=\"jetpack-video-wrapper\"><iframe loading=\"lazy\" title=\"Merry Christmas and Happy 2018!\" width=\"1150\" height=\"647\" src=\"https:\/\/www.youtube.com\/embed\/F5YDoeqLoCU?feature=oembed\" frameborder=\"0\" allow=\"accelerometer; autoplay; clipboard-write; encrypted-media; gyroscope; picture-in-picture; web-share\" referrerpolicy=\"strict-origin-when-cross-origin\" allowfullscreen><\/iframe><\/div>\n<\/div><\/figure>\n","protected":false},"excerpt":{"rendered":"<p>Kaunas 2022 (in English) Pozna\u0144 2022 (in Polish) LibertyTV interview 2019 (in English) Warszawa 2019 (in English) Civilnet interview 2018 (in English) Thessaloniki 2018 (in English) Prisztina 2015 (in English) Golitsino 2012 (in Russian) Private<\/p>\n","protected":false},"author":1,"featured_media":0,"parent":0,"menu_order":0,"comment_status":"closed","ping_status":"closed","template":"","meta":{"footnotes":""},"class_list":["post-2020","page","type-page","status-publish","hentry","odd"],"jetpack_sharing_enabled":true,"_links":{"self":[{"href":"https:\/\/piotrswitalski.com\/index.php?rest_route=\/wp\/v2\/pages\/2020","targetHints":{"allow":["GET"]}}],"collection":[{"href":"https:\/\/piotrswitalski.com\/index.php?rest_route=\/wp\/v2\/pages"}],"about":[{"href":"https:\/\/piotrswitalski.com\/index.php?rest_route=\/wp\/v2\/types\/page"}],"author":[{"embeddable":true,"href":"https:\/\/piotrswitalski.com\/index.php?rest_route=\/wp\/v2\/users\/1"}],"replies":[{"embeddable":true,"href":"https:\/\/piotrswitalski.com\/index.php?rest_route=%2Fwp%2Fv2%2Fcomments&post=2020"}],"version-history":[{"count":13,"href":"https:\/\/piotrswitalski.com\/index.php?rest_route=\/wp\/v2\/pages\/2020\/revisions"}],"predecessor-version":[{"id":2721,"href":"https:\/\/piotrswitalski.com\/index.php?rest_route=\/wp\/v2\/pages\/2020\/revisions\/2721"}],"wp:attachment":[{"href":"https:\/\/piotrswitalski.com\/index.php?rest_route=%2Fwp%2Fv2%2Fmedia&parent=2020"}],"curies":[{"name":"wp","href":"https:\/\/api.w.org\/{rel}","templated":true}]}}